{"id":876,"date":"2025-01-15T22:35:27","date_gmt":"2025-01-15T22:35:27","guid":{"rendered":"http:\/\/dev.cerom.at\/?page_id=876"},"modified":"2025-02-18T14:45:00","modified_gmt":"2025-02-18T14:45:00","slug":"impressum","status":"publish","type":"page","link":"https:\/\/www.cerom.at\/en\/impressum\/","title":{"rendered":"Impressum"},"content":{"rendered":"<div data-elementor-type=\"wp-page\" data-elementor-id=\"876\" class=\"elementor elementor-876\" data-elementor-post-type=\"page\">\n\t\t\t\t\t\t<section class=\"elementor-section elementor-top-section elementor-element elementor-element-fcb917d elementor-section-boxed elementor-section-height-default elementor-section-height-default\" data-id=\"fcb917d\" data-element_type=\"section\" data-e-type=\"section\">\n\t\t\t\t\t\t<div class=\"elementor-container elementor-column-gap-default\">\n\t\t\t\t\t<div class=\"elementor-column elementor-col-100 elementor-top-column elementor-element elementor-element-04357ab\" data-id=\"04357ab\" data-element_type=\"column\" data-e-type=\"column\">\n\t\t\t<div class=\"elementor-widget-wrap elementor-element-populated\">\n\t\t\t\t\t\t<div class=\"elementor-element elementor-element-d5d0587 elementor-widget elementor-widget-heading\" data-id=\"d5d0587\" data-element_type=\"widget\" data-e-type=\"widget\" data-widget_type=\"heading.default\">\n\t\t\t\t<div class=\"elementor-widget-container\">\n\t\t\t\t\t<h2 class=\"elementor-heading-title elementor-size-default\">Impressum<\/h2>\t\t\t\t<\/div>\n\t\t\t\t<\/div>\n\t\t\t\t<div class=\"elementor-element elementor-element-574be81 elementor-widget elementor-widget-text-editor\" data-id=\"574be81\" data-element_type=\"widget\" data-e-type=\"widget\" data-widget_type=\"text-editor.default\">\n\t\t\t\t<div class=\"elementor-widget-container\">\n\t\t\t\t\t\t\t\t\t<p class=\"adsimple-122932569\">Informationen \u00fcber den Diensteanbieter.<\/p><p><strong>cerom<\/strong><\/p><p class=\"adsimple-122932569\">Mario Zauner<\/p><p class=\"adsimple-122932569\">Hackledt 46,<br \/>4773 Eggerding,<br \/>\u00d6sterreich<\/p><p><strong>Tel.:<\/strong> <a href=\"tel:+436642838248\">+43 664 2838248<\/a><br \/><strong>E-Mail:<\/strong>\u00a0<a href=\"mailto:cerom@gmx.at\">cerom@gmx.at<\/a><\/p><p><strong>Unternehmensgegenstand:<\/strong>\u00a0Hafnermeister<br \/><strong>UID-Nummer:<\/strong>\u00a0ATU45342507<br \/><strong>GLN (Global Location Number):<\/strong>\u00a09110010571252<br \/><strong>GISA (Gewerbeinformationssystem Austria):<\/strong>\u00a016888548<br \/><strong>Mitglied bei:<\/strong>\u00a0WKO, Landesinnung, etc.<\/p><p><strong>Aufsichtsbeh\u00f6rde:<\/strong><br \/>Bezirkshauptmannschaft Sch\u00e4rding<\/p><p><strong>Berufsbezeichnung:<\/strong>\u00a0Hafnermeister<br \/><strong>Verleihungsstaat:<\/strong>\u00a0\u00d6sterreich<\/p><p><strong>Datenschutz Verantwortlicher<\/strong><br \/>Mario Zauner<br \/>Hackledt 46<br \/>4773 Eggerding<br \/><strong>E-Mail:<\/strong>\u00a0<a href=\"mailto:cerom@gmx.at\">cerom@gmx.at<\/a><br \/><strong>Tel.:<\/strong>\u00a00664\/4120373<br \/><strong>Impressum:<\/strong>\u00a0www.cerom.at<\/p><h2 id=\"eu-streitschlichtung\" class=\"adsimple-122932569 fusion-responsive-typography-calculated\" data-fontsize=\"24\" data-lineheight=\"36px\">EU-Streitschlichtung<\/h2><p class=\"adsimple-122932569\">Gem\u00e4\u00df Verordnung \u00fcber Online-Streitbeilegung in Verbraucherangelegenheiten (ODR-Verordnung) m\u00f6chten wir Sie \u00fcber die Online-Streitbeilegungsplattform (OS-Plattform) informieren.<br \/>Verbraucher haben die M\u00f6glichkeit, Beschwerden an die Online Streitbeilegungsplattform der Europ\u00e4ischen Kommission unter\u00a0<a class=\"adsimple-122932569\" href=\"https:\/\/ec.europa.eu\/consumers\/odr\/main\/index.cfm?event=main.home2.show&amp;lng=DE\" target=\"_blank\" rel=\"follow noopener\">https:\/\/ec.europa.eu\/consumers\/odr\/main\/index.cfm?event=main.home2.show&amp;lng=DE<\/a>\u00a0zu richten. Die daf\u00fcr notwendigen Kontaktdaten finden Sie oberhalb in unserem Impressum.<\/p><p class=\"adsimple-122932569\">Wir m\u00f6chten Sie jedoch darauf hinweisen, dass wir nicht bereit oder verpflichtet sind, an Streitbeilegungsverfahren vor einer Verbraucherschlichtungsstelle teilzunehmen.<\/p><p>Alle Texte sind urheberrechtlich gesch\u00fctzt.<\/p><p>Quelle: Erstellt mit dem\u00a0<a title=\"Impressum Generator \u00d6sterreich von AdSimple\" href=\"https:\/\/www.adsimple.at\/impressum-generator\/\">Impressum Generator<\/a>\u00a0von AdSimple<\/p>\t\t\t\t\t\t\t\t<\/div>\n\t\t\t\t<\/div>\n\t\t\t\t\t<\/div>\n\t\t<\/div>\n\t\t\t\t\t<\/div>\n\t\t<\/section>\n\t\t\t\t<section class=\"elementor-section elementor-top-section elementor-element elementor-element-4289927 elementor-section-full_width elementor-section-height-default elementor-section-height-default\" data-id=\"4289927\" data-element_type=\"section\" data-e-type=\"section\">\n\t\t\t\t\t\t<div class=\"elementor-container elementor-column-gap-no\">\n\t\t\t\t\t<div class=\"elementor-column elementor-col-100 elementor-top-column elementor-element elementor-element-a955637\" data-id=\"a955637\" data-element_type=\"column\" data-e-type=\"column\">\n\t\t\t<div class=\"elementor-widget-wrap elementor-element-populated\">\n\t\t\t\t\t\t<div class=\"elementor-element elementor-element-e04fcab elementor-widget elementor-widget-google_maps\" data-id=\"e04fcab\" data-element_type=\"widget\" data-e-type=\"widget\" data-widget_type=\"google_maps.default\">\n\t\t\t\t<div class=\"elementor-widget-container\">\n\t\t\t\t\t\t\t<div class=\"elementor-custom-embed\">\n\t\t\t<iframe loading=\"lazy\"\n\t\t\t\t\tsrc=\"https:\/\/maps.google.com\/maps?q=Hackledt%2046%2C%204773%20Eggerding%2C%20Austria&#038;t=m&#038;z=16&#038;output=embed&#038;iwloc=near\"\n\t\t\t\t\ttitle=\"Hackledt 46, 4773 Eggerding, Austria\"\n\t\t\t\t\taria-label=\"Hackledt 46, 4773 Eggerding, Austria\"\n\t\t\t><\/iframe>\n\t\t<\/div>\n\t\t\t\t\t\t<\/div>\n\t\t\t\t<\/div>\n\t\t\t\t\t<\/div>\n\t\t<\/div>\n\t\t\t\t\t<\/div>\n\t\t<\/section>\n\t\t\t\t<\/div>","protected":false},"excerpt":{"rendered":"<p>Impressum Informationen \u00fcber den Diensteanbieter. cerom Mario Zauner Hackledt 46,4773 Eggerding,\u00d6sterreich Tel.: +43 664 2838248E-Mail:\u00a0cerom@gmx.at Unternehmensgegenstand:\u00a0HafnermeisterUID-Nummer:\u00a0ATU45342507GLN (Global Location Number):\u00a09110010571252GISA (Gewerbeinformationssystem Austria):\u00a016888548Mitglied bei:\u00a0WKO, Landesinnung, etc. Aufsichtsbeh\u00f6rde:Bezirkshauptmannschaft Sch\u00e4rding Berufsbezeichnung:\u00a0HafnermeisterVerleihungsstaat:\u00a0\u00d6sterreich Datenschutz VerantwortlicherMario ZaunerHackledt 464773 EggerdingE-Mail:\u00a0cerom@gmx.atTel.:\u00a00664\/4120373Impressum:\u00a0www.cerom.at EU-Streitschlichtung Gem\u00e4\u00df Verordnung \u00fcber Online-Streitbeilegung in Verbraucherangelegenheiten (ODR-Verordnung) m\u00f6chten wir Sie \u00fcber die Online-Streitbeilegungsplattform (OS-Plattform) informieren.Verbraucher haben die M\u00f6glichkeit, Beschwerden an die Online [&hellip;]<\/p>\n","protected":false},"author":2,"featured_media":0,"parent":0,"menu_order":0,"comment_status":"closed","ping_status":"closed","template":"","meta":{"inline_featured_image":false,"footnotes":""},"class_list":["post-876","page","type-page","status-publish","hentry"],"_links":{"self":[{"href":"https:\/\/www.cerom.at\/en\/wp-json\/wp\/v2\/pages\/876","targetHints":{"allow":["GET"]}}],"collection":[{"href":"https:\/\/www.cerom.at\/en\/wp-json\/wp\/v2\/pages"}],"about":[{"href":"https:\/\/www.cerom.at\/en\/wp-json\/wp\/v2\/types\/page"}],"author":[{"embeddable":true,"href":"https:\/\/www.cerom.at\/en\/wp-json\/wp\/v2\/users\/2"}],"replies":[{"embeddable":true,"href":"https:\/\/www.cerom.at\/en\/wp-json\/wp\/v2\/comments?post=876"}],"version-history":[{"count":7,"href":"https:\/\/www.cerom.at\/en\/wp-json\/wp\/v2\/pages\/876\/revisions"}],"predecessor-version":[{"id":945,"href":"https:\/\/www.cerom.at\/en\/wp-json\/wp\/v2\/pages\/876\/revisions\/945"}],"wp:attachment":[{"href":"https:\/\/www.cerom.at\/en\/wp-json\/wp\/v2\/media?parent=876"}],"curies":[{"name":"wp","href":"https:\/\/api.w.org\/{rel}","templated":true}]}}