{"id":153,"date":"2023-03-03T09:07:06","date_gmt":"2023-03-03T09:07:06","guid":{"rendered":"http:\/\/dev.cerom.at\/?page_id=153"},"modified":"2025-02-22T14:41:04","modified_gmt":"2025-02-22T14:41:04","slug":"aktuelles","status":"publish","type":"page","link":"https:\/\/www.cerom.at\/en\/aktuelles\/","title":{"rendered":"News"},"content":{"rendered":"<div data-elementor-type=\"wp-page\" data-elementor-id=\"153\" class=\"elementor elementor-153\" data-elementor-post-type=\"page\">\n\t\t\t\t\t\t<section class=\"elementor-section elementor-top-section elementor-element elementor-element-eee1db7 elementor-section-full_width elementor-section-height-default elementor-section-height-default\" data-id=\"eee1db7\" data-element_type=\"section\" data-e-type=\"section\" data-settings=\"{&quot;background_background&quot;:&quot;classic&quot;}\">\n\t\t\t\t\t\t<div class=\"elementor-container elementor-column-gap-default\">\n\t\t\t\t\t<div class=\"elementor-column elementor-col-50 elementor-top-column elementor-element elementor-element-50e3fef\" data-id=\"50e3fef\" data-element_type=\"column\" data-e-type=\"column\">\n\t\t\t<div class=\"elementor-widget-wrap elementor-element-populated\">\n\t\t\t\t\t\t<div class=\"elementor-element elementor-element-660db9b underline-left elementor-widget elementor-widget-heading\" data-id=\"660db9b\" data-element_type=\"widget\" data-e-type=\"widget\" data-widget_type=\"heading.default\">\n\t\t\t\t<div class=\"elementor-widget-container\">\n\t\t\t\t\t<h2 class=\"elementor-heading-title elementor-size-default\">Gastvortrag in den USA \u2013 M\u00e4rz 2015<\/h2>\t\t\t\t<\/div>\n\t\t\t\t<\/div>\n\t\t\t\t<div class=\"elementor-element elementor-element-212a468 elementor-widget elementor-widget-text-editor\" data-id=\"212a468\" data-element_type=\"widget\" data-e-type=\"widget\" data-widget_type=\"text-editor.default\">\n\t\t\t\t<div class=\"elementor-widget-container\">\n\t\t\t\t\t\t\t\t\t<p class=\"p1\">Im M\u00e4rz 2015 erwartete mich ein besonderes Highlight: ein Gastvortrag bei der renommierten <b>Masonry Heater Association<\/b> in North Carolina. Vor \u00fcber 100 nordamerikanischen Ofenbauern konnte ich die faszinierende Welt der europ\u00e4ischen Kachelofentechnik pr\u00e4sentieren \u2013 von traditioneller Handwerkskunst bis hin zu modernen Innovationen.<\/p>\n<p class=\"p1\">In einem anschlie\u00dfenden dreit\u00e4gigen Workshop hatten die Teilnehmer die Gelegenheit, die Kunst des Kachelofenbaus hautnah zu erleben und ihr Wissen zu vertiefen.<\/p>\n<p class=\"p1\">Es war eine inspirierende Gelegenheit, unsere Handwerkskunst im internationalen Kontext zu pr\u00e4sentieren!<\/p>\t\t\t\t\t\t\t\t<\/div>\n\t\t\t\t<\/div>\n\t\t\t\t\t<\/div>\n\t\t<\/div>\n\t\t\t\t<div class=\"elementor-column elementor-col-50 elementor-top-column elementor-element elementor-element-2677d1a\" data-id=\"2677d1a\" data-element_type=\"column\" data-e-type=\"column\">\n\t\t\t<div class=\"elementor-widget-wrap elementor-element-populated\">\n\t\t\t\t\t\t<div class=\"elementor-element elementor-element-1cc161d elementor-skin-slideshow elementor-arrows-yes elementor-widget elementor-widget-media-carousel\" data-id=\"1cc161d\" data-element_type=\"widget\" data-e-type=\"widget\" data-settings=\"{&quot;skin&quot;:&quot;slideshow&quot;,&quot;effect&quot;:&quot;slide&quot;,&quot;show_arrows&quot;:&quot;yes&quot;,&quot;speed&quot;:500,&quot;autoplay&quot;:&quot;yes&quot;,&quot;autoplay_speed&quot;:5000,&quot;loop&quot;:&quot;yes&quot;,&quot;pause_on_hover&quot;:&quot;yes&quot;,&quot;pause_on_interaction&quot;:&quot;yes&quot;,&quot;space_between&quot;:{&quot;unit&quot;:&quot;px&quot;,&quot;size&quot;:10,&quot;sizes&quot;:[]},&quot;space_between_tablet&quot;:{&quot;unit&quot;:&quot;px&quot;,&quot;size&quot;:10,&quot;sizes&quot;:[]},&quot;space_between_mobile&quot;:{&quot;unit&quot;:&quot;px&quot;,&quot;size&quot;:10,&quot;sizes&quot;:[]}}\" data-widget_type=\"media-carousel.default\">\n\t\t\t\t<div class=\"elementor-widget-container\">\n\t\t\t\t\t\t\t\t\t<div class=\"elementor-swiper\">\n\t\t\t\t\t<div class=\"elementor-main-swiper swiper\" role=\"region\" aria-roledescription=\"carousel\" aria-label=\"Slider\">\n\t\t\t\t<div class=\"swiper-wrapper\">\n\t\t\t\t\t\t\t\t\t\t\t<div class=\"swiper-slide\" role=\"group\" aria-roledescription=\"slide\">\n\t\t\t\t\t\t\t<a href=\"https:\/\/cerom.at\/wp-content\/uploads\/2023\/03\/image-7.jpg\" data-elementor-open-lightbox=\"yes\" data-elementor-lightbox-slideshow=\"1cc161d\" data-e-action-hash=\"#elementor-action%3Aaction%3Dlightbox%26settings%3DeyJpZCI6NTgyLCJ1cmwiOiJodHRwczpcL1wvd3d3LmNlcm9tLmF0XC93cC1jb250ZW50XC91cGxvYWRzXC8yMDIzXC8wM1wvaW1hZ2UtNy5qcGciLCJzbGlkZXNob3ciOiIxY2MxNjFkIn0%3D\">\t\t<div class=\"elementor-carousel-image\" role=\"img\" aria-label=\"image-(7)\" style=\"background-image: url(&#039;https:\/\/www.cerom.at\/wp-content\/uploads\/2023\/03\/image-7.jpg&#039;)\">\n\n\t\t\t\n\t\t\t\t\t<\/div>\n\t\t<\/a>\t\t\t\t\t\t<\/div>\n\t\t\t\t\t\t\t\t\t\t\t<div class=\"swiper-slide\" role=\"group\" aria-roledescription=\"slide\">\n\t\t\t\t\t\t\t<a href=\"https:\/\/cerom.at\/wp-content\/uploads\/2023\/03\/image-6.jpg\" data-elementor-open-lightbox=\"yes\" data-elementor-lightbox-slideshow=\"1cc161d\" data-e-action-hash=\"#elementor-action%3Aaction%3Dlightbox%26settings%3DeyJpZCI6NTgxLCJ1cmwiOiJodHRwczpcL1wvd3d3LmNlcm9tLmF0XC93cC1jb250ZW50XC91cGxvYWRzXC8yMDIzXC8wM1wvaW1hZ2UtNi5qcGciLCJzbGlkZXNob3ciOiIxY2MxNjFkIn0%3D\">\t\t<div class=\"elementor-carousel-image\" role=\"img\" aria-label=\"image-(6)\" style=\"background-image: url(&#039;https:\/\/www.cerom.at\/wp-content\/uploads\/2023\/03\/image-6.jpg&#039;)\">\n\n\t\t\t\n\t\t\t\t\t<\/div>\n\t\t<\/a>\t\t\t\t\t\t<\/div>\n\t\t\t\t\t\t\t\t\t\t\t<div class=\"swiper-slide\" role=\"group\" aria-roledescription=\"slide\">\n\t\t\t\t\t\t\t<a href=\"https:\/\/cerom.at\/wp-content\/uploads\/2023\/03\/image-5.jpg\" data-elementor-open-lightbox=\"yes\" data-elementor-lightbox-slideshow=\"1cc161d\" data-e-action-hash=\"#elementor-action%3Aaction%3Dlightbox%26settings%3DeyJpZCI6NTgwLCJ1cmwiOiJodHRwczpcL1wvd3d3LmNlcm9tLmF0XC93cC1jb250ZW50XC91cGxvYWRzXC8yMDIzXC8wM1wvaW1hZ2UtNS5qcGciLCJzbGlkZXNob3ciOiIxY2MxNjFkIn0%3D\">\t\t<div class=\"elementor-carousel-image\" role=\"img\" aria-label=\"image-(5)\" style=\"background-image: url(&#039;https:\/\/www.cerom.at\/wp-content\/uploads\/2023\/03\/image-5.jpg&#039;)\">\n\n\t\t\t\n\t\t\t\t\t<\/div>\n\t\t<\/a>\t\t\t\t\t\t<\/div>\n\t\t\t\t\t\t\t\t\t\t\t<div class=\"swiper-slide\" role=\"group\" aria-roledescription=\"slide\">\n\t\t\t\t\t\t\t<a href=\"https:\/\/cerom.at\/wp-content\/uploads\/2023\/03\/image-4.jpg\" data-elementor-open-lightbox=\"yes\" data-elementor-lightbox-slideshow=\"1cc161d\" data-e-action-hash=\"#elementor-action%3Aaction%3Dlightbox%26settings%3DeyJpZCI6NTc5LCJ1cmwiOiJodHRwczpcL1wvd3d3LmNlcm9tLmF0XC93cC1jb250ZW50XC91cGxvYWRzXC8yMDIzXC8wM1wvaW1hZ2UtNC5qcGciLCJzbGlkZXNob3ciOiIxY2MxNjFkIn0%3D\">\t\t<div class=\"elementor-carousel-image\" role=\"img\" aria-label=\"image-(4)\" style=\"background-image: url(&#039;https:\/\/www.cerom.at\/wp-content\/uploads\/2023\/03\/image-4.jpg&#039;)\">\n\n\t\t\t\n\t\t\t\t\t<\/div>\n\t\t<\/a>\t\t\t\t\t\t<\/div>\n\t\t\t\t\t\t\t\t\t\t\t<div class=\"swiper-slide\" role=\"group\" aria-roledescription=\"slide\">\n\t\t\t\t\t\t\t<a href=\"https:\/\/cerom.at\/wp-content\/uploads\/2023\/03\/image-3.jpg\" data-elementor-open-lightbox=\"yes\" data-elementor-lightbox-slideshow=\"1cc161d\" data-e-action-hash=\"#elementor-action%3Aaction%3Dlightbox%26settings%3DeyJpZCI6NTc4LCJ1cmwiOiJodHRwczpcL1wvd3d3LmNlcm9tLmF0XC93cC1jb250ZW50XC91cGxvYWRzXC8yMDIzXC8wM1wvaW1hZ2UtMy5qcGciLCJzbGlkZXNob3ciOiIxY2MxNjFkIn0%3D\">\t\t<div class=\"elementor-carousel-image\" role=\"img\" aria-label=\"image-(3)\" style=\"background-image: url(&#039;https:\/\/www.cerom.at\/wp-content\/uploads\/2023\/03\/image-3.jpg&#039;)\">\n\n\t\t\t\n\t\t\t\t\t<\/div>\n\t\t<\/a>\t\t\t\t\t\t<\/div>\n\t\t\t\t\t\t\t\t\t<\/div>\n\t\t\t\t\t\t\t\t\t\t\t\t\t\t\t<div class=\"elementor-swiper-button elementor-swiper-button-prev\" role=\"button\" tabindex=\"0\" aria-label=\"Voriger\" data-no-translation-aria-label=\"\">\n\t\t\t\t\t\t\t<i aria-hidden=\"true\" class=\"eicon-chevron-left\"><\/i>\t\t\t\t\t\t<\/div>\n\t\t\t\t\t\t<div class=\"elementor-swiper-button elementor-swiper-button-next\" role=\"button\" tabindex=\"0\" aria-label=\"N\u00e4chster\" data-no-translation-aria-label=\"\">\n\t\t\t\t\t\t\t<i aria-hidden=\"true\" class=\"eicon-chevron-right\"><\/i>\t\t\t\t\t\t<\/div>\n\t\t\t\t\t\t\t\t\t\t\t\t\t\t\t\t\t<\/div>\n\t\t\t\t<\/div>\n\t\t\t\t\t\t\t\t<div class=\"elementor-swiper\">\n\t\t\t\t\t<div class=\"elementor-main-swiper swiper elementor-thumbnails-swiper swiper\" role=\"region region\" aria-roledescription=\"carousel carousel\" aria-label=\"Slider Slider\">\n\t\t\t\t<div class=\"swiper-wrapper\">\n\t\t\t\t\t\t\t\t\t\t\t<div class=\"swiper-slide\" role=\"group\" aria-roledescription=\"slide\">\n\t\t\t\t\t\t\t\t\t<div class=\"elementor-carousel-image\" role=\"img\" aria-label=\"image-(7)\" style=\"background-image: url(&#039;https:\/\/www.cerom.at\/wp-content\/uploads\/2023\/03\/image-7.jpg&#039;)\">\n\n\t\t\t\n\t\t\t\t\t<\/div>\n\t\t<\/a>\t\t\t\t\t\t<\/div>\n\t\t\t\t\t\t\t\t\t\t\t<div class=\"swiper-slide\" role=\"group\" aria-roledescription=\"slide\">\n\t\t\t\t\t\t\t\t\t<div class=\"elementor-carousel-image\" role=\"img\" aria-label=\"image-(6)\" style=\"background-image: url(&#039;https:\/\/www.cerom.at\/wp-content\/uploads\/2023\/03\/image-6.jpg&#039;)\">\n\n\t\t\t\n\t\t\t\t\t<\/div>\n\t\t<\/a>\t\t\t\t\t\t<\/div>\n\t\t\t\t\t\t\t\t\t\t\t<div class=\"swiper-slide\" role=\"group\" aria-roledescription=\"slide\">\n\t\t\t\t\t\t\t\t\t<div class=\"elementor-carousel-image\" role=\"img\" aria-label=\"image-(5)\" style=\"background-image: url(&#039;https:\/\/www.cerom.at\/wp-content\/uploads\/2023\/03\/image-5.jpg&#039;)\">\n\n\t\t\t\n\t\t\t\t\t<\/div>\n\t\t<\/a>\t\t\t\t\t\t<\/div>\n\t\t\t\t\t\t\t\t\t\t\t<div class=\"swiper-slide\" role=\"group\" aria-roledescription=\"slide\">\n\t\t\t\t\t\t\t\t\t<div class=\"elementor-carousel-image\" role=\"img\" aria-label=\"image-(4)\" style=\"background-image: url(&#039;https:\/\/www.cerom.at\/wp-content\/uploads\/2023\/03\/image-4.jpg&#039;)\">\n\n\t\t\t\n\t\t\t\t\t<\/div>\n\t\t<\/a>\t\t\t\t\t\t<\/div>\n\t\t\t\t\t\t\t\t\t\t\t<div class=\"swiper-slide\" role=\"group\" aria-roledescription=\"slide\">\n\t\t\t\t\t\t\t\t\t<div class=\"elementor-carousel-image\" role=\"img\" aria-label=\"image-(3)\" style=\"background-image: url(&#039;https:\/\/www.cerom.at\/wp-content\/uploads\/2023\/03\/image-3.jpg&#039;)\">\n\n\t\t\t\n\t\t\t\t\t<\/div>\n\t\t<\/a>\t\t\t\t\t\t<\/div>\n\t\t\t\t\t\t\t\t\t<\/div>\n\t\t\t\t\t\t\t\t\t\t\t\t\t\t\t\t\t\t\t\t\t<\/div>\n\t\t\t\t<\/div>\n\t\t\t\t\t\t\t\t<\/div>\n\t\t\t\t<\/div>\n\t\t\t\t\t<\/div>\n\t\t<\/div>\n\t\t\t\t\t<\/div>\n\t\t<\/section>\n\t\t\t\t<\/div>","protected":false},"excerpt":{"rendered":"<p>Gastvortrag in den USA \u2013 M\u00e4rz 2015 Im M\u00e4rz 2015 erwartete mich ein besonderes Highlight: ein Gastvortrag bei der renommierten Masonry Heater Association in North Carolina. Vor \u00fcber 100 nordamerikanischen Ofenbauern konnte ich die faszinierende Welt der europ\u00e4ischen Kachelofentechnik pr\u00e4sentieren \u2013 von traditioneller Handwerkskunst bis hin zu modernen Innovationen. In einem anschlie\u00dfenden dreit\u00e4gigen Workshop hatten [&hellip;]<\/p>\n","protected":false},"author":3,"featured_media":0,"parent":0,"menu_order":0,"comment_status":"closed","ping_status":"closed","template":"","meta":{"inline_featured_image":false,"footnotes":""},"class_list":["post-153","page","type-page","status-publish","hentry"],"_links":{"self":[{"href":"https:\/\/www.cerom.at\/en\/wp-json\/wp\/v2\/pages\/153","targetHints":{"allow":["GET"]}}],"collection":[{"href":"https:\/\/www.cerom.at\/en\/wp-json\/wp\/v2\/pages"}],"about":[{"href":"https:\/\/www.cerom.at\/en\/wp-json\/wp\/v2\/types\/page"}],"author":[{"embeddable":true,"href":"https:\/\/www.cerom.at\/en\/wp-json\/wp\/v2\/users\/3"}],"replies":[{"embeddable":true,"href":"https:\/\/www.cerom.at\/en\/wp-json\/wp\/v2\/comments?post=153"}],"version-history":[{"count":160,"href":"https:\/\/www.cerom.at\/en\/wp-json\/wp\/v2\/pages\/153\/revisions"}],"predecessor-version":[{"id":958,"href":"https:\/\/www.cerom.at\/en\/wp-json\/wp\/v2\/pages\/153\/revisions\/958"}],"wp:attachment":[{"href":"https:\/\/www.cerom.at\/en\/wp-json\/wp\/v2\/media?parent=153"}],"curies":[{"name":"wp","href":"https:\/\/api.w.org\/{rel}","templated":true}]}}