{"id":137,"date":"2023-03-03T08:20:14","date_gmt":"2023-03-03T08:20:14","guid":{"rendered":"http:\/\/dev.cerom.at\/?page_id=137"},"modified":"2025-01-30T18:13:40","modified_gmt":"2025-01-30T18:13:40","slug":"unternehmen","status":"publish","type":"page","link":"https:\/\/www.cerom.at\/en\/unternehmen\/","title":{"rendered":"Company"},"content":{"rendered":"<div data-elementor-type=\"wp-page\" data-elementor-id=\"137\" class=\"elementor elementor-137\" data-elementor-post-type=\"page\">\n\t\t\t\t\t\t<section class=\"elementor-section elementor-top-section elementor-element elementor-element-5ef05f5 elementor-section-full_width elementor-section-height-default elementor-section-height-default\" data-id=\"5ef05f5\" data-element_type=\"section\" data-e-type=\"section\" data-settings=\"{&quot;background_background&quot;:&quot;classic&quot;}\">\n\t\t\t\t\t\t<div class=\"elementor-container elementor-column-gap-default\">\n\t\t\t\t\t<div class=\"elementor-column elementor-col-100 elementor-top-column elementor-element elementor-element-f79ab6d\" data-id=\"f79ab6d\" data-element_type=\"column\" data-e-type=\"column\">\n\t\t\t<div class=\"elementor-widget-wrap elementor-element-populated\">\n\t\t\t\t\t\t<div class=\"elementor-element elementor-element-d9c2dae elementor-widget elementor-widget-heading\" data-id=\"d9c2dae\" data-element_type=\"widget\" data-e-type=\"widget\" data-widget_type=\"heading.default\">\n\t\t\t\t<div class=\"elementor-widget-container\">\n\t\t\t\t\t<h2 class=\"elementor-heading-title elementor-size-default\">Our Story<\/h2>\t\t\t\t<\/div>\n\t\t\t\t<\/div>\n\t\t\t\t<div class=\"elementor-element elementor-element-668de69 elementor-widget elementor-widget-text-editor\" data-id=\"668de69\" data-element_type=\"widget\" data-e-type=\"widget\" data-widget_type=\"text-editor.default\">\n\t\t\t\t<div class=\"elementor-widget-container\">\n\t\t\t\t\t\t\t\t\t<p class=\"p1\">My journey as a stove fitter began in 1990 with an apprenticeship that introduced me to the fascinating world of craftsmanship over three years. I gained valuable experience, including a period in Hallein, as a qualified craftsman. In 1996, my path led me to Vienna for the master craftsman course, which I completed with distinction as one of Austria\u2019s youngest masters. The master class in ceramics at Ortweinschule in Graz then opened up entirely new creative possibilities for me.<\/p><p class=\"p1\">By 1998, the time had come: I founded Cerom, my own specialist firm, a heartfelt project that continues to stand for quality, reliability, and true craftsmanship.<\/p><p class=\"p1\">From day one, we\u2019ve prioritized authentic handwork: every tile we\u2019ve made since our founding has been crafted individually, with great attention to detail. Today, ceramic artist Elisabeth Wedenig-Zauner MA enriches our team, taking our tile production to new heights with her expertise.<\/p><p class=\"p3\">Our stoves tell stories \u2013 from cozy rooms in Austria and Bavaria to unique spaces in Hamburg, Berlin, Croatia, Tuscany, Toronto, and even New Mexico. We are at home wherever warmth is needed!<\/p><p>Your Master Stove Fitter<\/p>\t\t\t\t\t\t\t\t<\/div>\n\t\t\t\t<\/div>\n\t\t\t\t<div class=\"elementor-element elementor-element-e455020 elementor-widget elementor-widget-image\" data-id=\"e455020\" data-element_type=\"widget\" data-e-type=\"widget\" data-widget_type=\"image.default\">\n\t\t\t\t<div class=\"elementor-widget-container\">\n\t\t\t\t\t\t\t\t\t\t\t\t\t\t\t<img decoding=\"async\" width=\"176\" height=\"68\" src=\"https:\/\/www.cerom.at\/wp-content\/uploads\/2023\/03\/Mario-Zauner-2.svg\" class=\"attachment-full size-full wp-image-538\" alt=\"\" \/>\t\t\t\t\t\t\t\t\t\t\t\t\t\t\t<\/div>\n\t\t\t\t<\/div>\n\t\t\t\t\t<\/div>\n\t\t<\/div>\n\t\t\t\t\t<\/div>\n\t\t<\/section>\n\t\t\t\t<section class=\"elementor-section elementor-top-section elementor-element elementor-element-fcb917d elementor-section-boxed elementor-section-height-default elementor-section-height-default\" data-id=\"fcb917d\" data-element_type=\"section\" data-e-type=\"section\">\n\t\t\t\t\t\t<div class=\"elementor-container elementor-column-gap-default\">\n\t\t\t\t\t<div class=\"elementor-column elementor-col-100 elementor-top-column elementor-element elementor-element-04357ab\" data-id=\"04357ab\" data-element_type=\"column\" data-e-type=\"column\">\n\t\t\t<div class=\"elementor-widget-wrap elementor-element-populated\">\n\t\t\t\t\t\t<div class=\"elementor-element elementor-element-d5d0587 elementor-widget elementor-widget-heading\" data-id=\"d5d0587\" data-element_type=\"widget\" data-e-type=\"widget\" data-widget_type=\"heading.default\">\n\t\t\t\t<div class=\"elementor-widget-container\">\n\t\t\t\t\t<h2 class=\"elementor-heading-title elementor-size-default\">Team<\/h2>\t\t\t\t<\/div>\n\t\t\t\t<\/div>\n\t\t\t\t<div class=\"elementor-element elementor-element-574be81 elementor-widget elementor-widget-text-editor\" data-id=\"574be81\" data-element_type=\"widget\" data-e-type=\"widget\" data-widget_type=\"text-editor.default\">\n\t\t\t\t<div class=\"elementor-widget-container\">\n\t\t\t\t\t\t\t\t\t<p class=\"p1\">Our team is the driving force behind our success \u2013 a powerful blend of experienced artisans and creative visionaries. Each member brings their unique expertise and skills, allowing us to achieve extraordinary results together. Our passion for quality, innovation, and precision craftsmanship is at the heart of every project we complete.<\/p>\t\t\t\t\t\t\t\t<\/div>\n\t\t\t\t<\/div>\n\t\t\t\t<section class=\"elementor-section elementor-inner-section elementor-element elementor-element-8b44e11 elementor-section-boxed elementor-section-height-default elementor-section-height-default\" data-id=\"8b44e11\" data-element_type=\"section\" data-e-type=\"section\">\n\t\t\t\t\t\t<div class=\"elementor-container elementor-column-gap-default\">\n\t\t\t\t\t<div class=\"elementor-column elementor-col-33 elementor-inner-column elementor-element elementor-element-af0c564\" data-id=\"af0c564\" data-element_type=\"column\" data-e-type=\"column\">\n\t\t\t<div class=\"elementor-widget-wrap elementor-element-populated\">\n\t\t\t\t\t\t<div class=\"elementor-element elementor-element-e61a70a elementor-widget elementor-widget-heading\" data-id=\"e61a70a\" data-element_type=\"widget\" data-e-type=\"widget\" data-widget_type=\"heading.default\">\n\t\t\t\t<div class=\"elementor-widget-container\">\n\t\t\t\t\t<h3 class=\"elementor-heading-title elementor-size-default\">Mario Zauner<\/h3>\t\t\t\t<\/div>\n\t\t\t\t<\/div>\n\t\t\t\t<div class=\"elementor-element elementor-element-78e2138 elementor-widget elementor-widget-text-editor\" data-id=\"78e2138\" data-element_type=\"widget\" data-e-type=\"widget\" data-widget_type=\"text-editor.default\">\n\t\t\t\t<div class=\"elementor-widget-container\">\n\t\t\t\t\t\t\t\t\t<p>Hafnermeister, Firmeninhaber<\/p>\t\t\t\t\t\t\t\t<\/div>\n\t\t\t\t<\/div>\n\t\t\t\t\t<\/div>\n\t\t<\/div>\n\t\t\t\t<div class=\"elementor-column elementor-col-33 elementor-inner-column elementor-element elementor-element-87eab9d\" data-id=\"87eab9d\" data-element_type=\"column\" data-e-type=\"column\">\n\t\t\t<div class=\"elementor-widget-wrap elementor-element-populated\">\n\t\t\t\t\t\t<div class=\"elementor-element elementor-element-2d41bc4 elementor-widget elementor-widget-heading\" data-id=\"2d41bc4\" data-element_type=\"widget\" data-e-type=\"widget\" data-widget_type=\"heading.default\">\n\t\t\t\t<div class=\"elementor-widget-container\">\n\t\t\t\t\t<h3 class=\"elementor-heading-title elementor-size-default\">Mag. Elisabeth Wedenig-Zauner<\/h3>\t\t\t\t<\/div>\n\t\t\t\t<\/div>\n\t\t\t\t<div class=\"elementor-element elementor-element-4dbdb99 elementor-widget elementor-widget-text-editor\" data-id=\"4dbdb99\" data-element_type=\"widget\" data-e-type=\"widget\" data-widget_type=\"text-editor.default\">\n\t\t\t\t<div class=\"elementor-widget-container\">\n\t\t\t\t\t\t\t\t\t<p>ceramic artist<\/p>\t\t\t\t\t\t\t\t<\/div>\n\t\t\t\t<\/div>\n\t\t\t\t\t<\/div>\n\t\t<\/div>\n\t\t\t\t<div class=\"elementor-column elementor-col-33 elementor-inner-column elementor-element elementor-element-886d134\" data-id=\"886d134\" data-element_type=\"column\" data-e-type=\"column\">\n\t\t\t<div class=\"elementor-widget-wrap elementor-element-populated\">\n\t\t\t\t\t\t<div class=\"elementor-element elementor-element-ea3691a elementor-widget elementor-widget-heading\" data-id=\"ea3691a\" data-element_type=\"widget\" data-e-type=\"widget\" data-widget_type=\"heading.default\">\n\t\t\t\t<div class=\"elementor-widget-container\">\n\t\t\t\t\t<h3 class=\"elementor-heading-title elementor-size-default\">Dominic Pumberger<\/h3>\t\t\t\t<\/div>\n\t\t\t\t<\/div>\n\t\t\t\t<div class=\"elementor-element elementor-element-f674872 elementor-widget elementor-widget-text-editor\" data-id=\"f674872\" data-element_type=\"widget\" data-e-type=\"widget\" data-widget_type=\"text-editor.default\">\n\t\t\t\t<div class=\"elementor-widget-container\">\n\t\t\t\t\t\t\t\t\t<p>Hafnergeselle<\/p>\t\t\t\t\t\t\t\t<\/div>\n\t\t\t\t<\/div>\n\t\t\t\t\t<\/div>\n\t\t<\/div>\n\t\t\t\t\t<\/div>\n\t\t<\/section>\n\t\t\t\t\t<\/div>\n\t\t<\/div>\n\t\t\t\t\t<\/div>\n\t\t<\/section>\n\t\t\t\t<section class=\"elementor-section elementor-top-section elementor-element elementor-element-4289927 elementor-section-full_width elementor-section-height-default elementor-section-height-default\" data-id=\"4289927\" data-element_type=\"section\" data-e-type=\"section\">\n\t\t\t\t\t\t<div class=\"elementor-container elementor-column-gap-no\">\n\t\t\t\t\t<div class=\"elementor-column elementor-col-100 elementor-top-column elementor-element elementor-element-a955637\" data-id=\"a955637\" data-element_type=\"column\" data-e-type=\"column\">\n\t\t\t<div class=\"elementor-widget-wrap elementor-element-populated\">\n\t\t\t\t\t\t<div class=\"elementor-element elementor-element-e04fcab elementor-widget elementor-widget-google_maps\" data-id=\"e04fcab\" data-element_type=\"widget\" data-e-type=\"widget\" data-widget_type=\"google_maps.default\">\n\t\t\t\t<div class=\"elementor-widget-container\">\n\t\t\t\t\t\t\t<div class=\"elementor-custom-embed\">\n\t\t\t<iframe loading=\"lazy\"\n\t\t\t\t\tsrc=\"https:\/\/maps.google.com\/maps?q=Hackledt%2046%2C%204773%20Eggerding%2C%20Austria&#038;t=m&#038;z=16&#038;output=embed&#038;iwloc=near\"\n\t\t\t\t\ttitle=\"Hackledt 46, 4773 Eggerding, Austria\"\n\t\t\t\t\taria-label=\"Hackledt 46, 4773 Eggerding, Austria\"\n\t\t\t><\/iframe>\n\t\t<\/div>\n\t\t\t\t\t\t<\/div>\n\t\t\t\t<\/div>\n\t\t\t\t\t<\/div>\n\t\t<\/div>\n\t\t\t\t\t<\/div>\n\t\t<\/section>\n\t\t\t\t<\/div>","protected":false},"excerpt":{"rendered":"<p>Firmengeschichte Meine Reise als Hafner begann 1990 mit einer Ausbildung, die mich drei Jahre lang in die faszinierende Welt des Handwerks eintauchen lie\u00df. Danach zog es mich als Gesellen unter anderem nach Hallein, wo ich wertvolle Erfahrungen sammeln konnte. 1996 f\u00fchrte mich mein Weg nach Wien zum Meisterkurs, den ich als einer der j\u00fcngsten Meister [&hellip;]<\/p>\n","protected":false},"author":3,"featured_media":0,"parent":0,"menu_order":0,"comment_status":"closed","ping_status":"closed","template":"","meta":{"inline_featured_image":false,"footnotes":""},"class_list":["post-137","page","type-page","status-publish","hentry"],"_links":{"self":[{"href":"https:\/\/www.cerom.at\/en\/wp-json\/wp\/v2\/pages\/137","targetHints":{"allow":["GET"]}}],"collection":[{"href":"https:\/\/www.cerom.at\/en\/wp-json\/wp\/v2\/pages"}],"about":[{"href":"https:\/\/www.cerom.at\/en\/wp-json\/wp\/v2\/types\/page"}],"author":[{"embeddable":true,"href":"https:\/\/www.cerom.at\/en\/wp-json\/wp\/v2\/users\/3"}],"replies":[{"embeddable":true,"href":"https:\/\/www.cerom.at\/en\/wp-json\/wp\/v2\/comments?post=137"}],"version-history":[{"count":63,"href":"https:\/\/www.cerom.at\/en\/wp-json\/wp\/v2\/pages\/137\/revisions"}],"predecessor-version":[{"id":942,"href":"https:\/\/www.cerom.at\/en\/wp-json\/wp\/v2\/pages\/137\/revisions\/942"}],"wp:attachment":[{"href":"https:\/\/www.cerom.at\/en\/wp-json\/wp\/v2\/media?parent=137"}],"curies":[{"name":"wp","href":"https:\/\/api.w.org\/{rel}","templated":true}]}}